{"id":14208,"date":"2024-12-16T20:07:14","date_gmt":"2024-12-16T19:07:14","guid":{"rendered":"http:\/\/localhost:8888\/MIYU\/multisite\/distribution\/?page_id=14208"},"modified":"2026-02-11T15:40:51","modified_gmt":"2026-02-11T14:40:51","slug":"about","status":"publish","type":"page","link":"https:\/\/www.miyu.fr\/production\/en\/about\/","title":{"rendered":"About"},"content":{"rendered":"<p>Founded in May 2009 by Emmanuel-Alain Raynal, and joined in 2015 by Pierre Baussaron, Miyu Productions is an audiovisual and film production company specializing in animation, producing short films, series and features.<\/p>\n<p>Over the years, Miyu Productions has built up the reputation of an animation studio with a demanding artistic line and commitment, particularly through its productions of animated shorts. Several of our films have been recognized and rewarded at the most prestigious festivals, including<i> 27<\/i> by Flora Anna Buda, winner of the Palme d&rsquo;Or and the Cristal for short films at the Cannes and Annecy festivals in 2023, as well as our feature-length films, singular in the contemporary production landscape, (<i>Chicken for Linda!<\/i> by Chiara Malta and S\u00e9bastien Laudenbach, Cristal for a feature film at Annecy in 2023). The company was awarded the Troph\u00e9e de l&rsquo;animation du Film Fran\u00e7ais in 2019, received the Procirep prize for French animation producer in 2022 and the C\u00e9sar award for Best Animated Feature for <i>Chicken for Linda!<\/i> in 2024.<\/p>\n<p>The company is currently developing a portfolio of around ten feature films, twenty shorts and several audiovisual series and units, and has 3 production studios in France located in Paris, Valence and Angoul\u00eame, and a studio in Belgium located in Brussels.<\/p>\n","protected":false},"excerpt":{"rendered":"<p>Founded in May 2009 by Emmanuel-Alain Raynal, and joined in 2015 by Pierre Baussaron, Miyu Productions is an audiovisual and film production company specializing in animation, producing short films, series and features. Over the years, Miyu Productions has built up the reputation of an animation studio with a demanding artistic line and commitment, particularly through [&hellip;]<\/p>\n","protected":false},"author":1,"featured_media":0,"parent":0,"menu_order":1,"comment_status":"closed","ping_status":"closed","template":"template-about.php","meta":{"_acf_changed":false,"footnotes":""},"class_list":["post-14208","page","type-page","status-publish","hentry"],"acf":[],"_links":{"self":[{"href":"https:\/\/www.miyu.fr\/production\/wp-json\/wp\/v2\/pages\/14208","targetHints":{"allow":["GET"]}}],"collection":[{"href":"https:\/\/www.miyu.fr\/production\/wp-json\/wp\/v2\/pages"}],"about":[{"href":"https:\/\/www.miyu.fr\/production\/wp-json\/wp\/v2\/types\/page"}],"author":[{"embeddable":true,"href":"https:\/\/www.miyu.fr\/production\/wp-json\/wp\/v2\/users\/1"}],"replies":[{"embeddable":true,"href":"https:\/\/www.miyu.fr\/production\/wp-json\/wp\/v2\/comments?post=14208"}],"version-history":[{"count":0,"href":"https:\/\/www.miyu.fr\/production\/wp-json\/wp\/v2\/pages\/14208\/revisions"}],"wp:attachment":[{"href":"https:\/\/www.miyu.fr\/production\/wp-json\/wp\/v2\/media?parent=14208"}],"curies":[{"name":"wp","href":"https:\/\/api.w.org\/{rel}","templated":true}]}}