{"id":14164,"date":"2024-12-15T12:07:56","date_gmt":"2024-12-15T11:07:56","guid":{"rendered":"http:\/\/localhost:8888\/MIYU\/multisite\/distribution\/?page_id=14164"},"modified":"2025-03-31T13:35:39","modified_gmt":"2025-03-31T11:35:39","slug":"aide-sur-ce-site","status":"publish","type":"page","link":"https:\/\/www.miyu.fr\/production\/aide-sur-ce-site\/","title":{"rendered":"Aide sur ce site"},"content":{"rendered":"<p>Ce site internet a vocation \u00e0 faciliter la navigation et la lecture de son contenu pour des personnes en situation de handicap. Cette page\u00a0vise \u00e0 vous faciliter l&rsquo;utilisation du site.<\/p>\n<h2>Menu d&rsquo;acc\u00e8s rapide<\/h2>\n<p>Lors de la navigation au clavier un menu permettant d&rsquo;acc\u00e9der rapidement aux zones principales des pages (Haut de page, Menu, Contenu principale, Pied de page) appara\u00eet en premier lieu.<\/p>\n<h2>Logo<\/h2>\n<p>En haut de page se trouve le logo MIYU, permettant de revenir \u00e0 la page d&rsquo;accueil du site.<\/p>\n<h2>Moteur de recherche<\/h2>\n<p>En haut de page (ou au sein du menu sur smartphone) un moteur de recherche permet d&rsquo;effectuer des recherches sur le site.<\/p>\n<h2>Personnalisation de l\u2019affichage (lecture et contraste)<\/h2>\n<p>Le site propose un outil permettant de modifier l\u2019affichage du site en fonction de vos besoins.<\/p>\n<p>Pour acc\u00e9der \u00e0 cette fonctionnalit\u00e9, cliquez sur le bouton \u00ab\u00a0Accessibilit\u00e9\u00a0\u00bb (pr\u00e9sent dans le menu en pied de page) puis \u00ab\u00a0Contraste\u00a0\u00bb. Dans la fen\u00eatre qui s\u2019affiche, vous pouvez\u00a0:<\/p>\n<ul>\n<li>choisir des contrastes augment\u00e9s&#8239;;<\/li>\n<li>augmenter l\u2019interlignage.<\/li>\n<\/ul>\n<p>Cette fen\u00eatre de param\u00e8tres est utilisable aussi bien \u00e0 la souris qu\u2019au clavier. Utilisez la touche \u00ab\u00a0tabulation\u00a0\u00bb pour passer d\u2019un param\u00e8tre \u00e0 l\u2019autre. Pour modifier le param\u00e8tre, utilisez les fl\u00e8ches de direction.<\/p>\n<p>Choisissez le bouton \u00ab\u00a0fermer\u00a0\u00bb pour sortir de la fen\u00eatre de param\u00e8tres. Les param\u00e8tres s\u00e9lectionn\u00e9s sont sauvegard\u00e9s automatiquement.<\/p>\n<h2>Navigation au clavier<\/h2>\n<p>Le site a \u00e9t\u00e9 con\u00e7u de mani\u00e8re \u00e0 permettre la navigation au clavier sur la totalit\u00e9 des pages. Dans la plupart des cas, il vous suffit d&rsquo;utiliser la touche Tabulation de votre clavier pour naviguer successivement d&rsquo;un \u00e9l\u00e9ment cliquable \u00e0 un autre \u00e9l\u00e9ment cliquable dans la page. Inversement, si vous souhaitez remonter dans le sens inverse de la lecture, utilisez la combinaison de touches Maj + Tabulation.<\/p>\n<h2>Pour activer cette fonction avec le navigateur Safari sous Mac&#8239;:<\/h2>\n<ul>\n<li>cliquez sur Safari dans le coin sup\u00e9rieur gauche de votre \u00e9cran, puis s\u00e9lectionnez \u00ab\u00a0R\u00e9glages\u00a0\u00bb&#8239;;<\/li>\n<li>dirigez-vous vers l&rsquo;onglet \u00ab\u00a0Avanc\u00e9s\u00a0\u00bb, puis dans \u00ab\u00a0Accessibilit\u00e9\u00a0\u00bb, veillez \u00e0 ce que l&rsquo;option \u00ab\u00a0La touche Tab permet de mettre en surbrillance les objets des pages web\u00a0\u00bb soit coch\u00e9e.<\/li>\n<\/ul>\n<h2>Impression<\/h2>\n<p>Utilisateurs de clavier, vous avez la possibilit\u00e9 d&rsquo;imprimer n&rsquo;importe quelle page du site en acc\u00e9dant \u00e0 la page souhait\u00e9e puis en appuyant simultan\u00e9ment sur les touches Ctrl + P de votre clavier si vous \u00eates sur PC ou Cmd + P si vous \u00eates sous Mac.<\/p>\n","protected":false},"excerpt":{"rendered":"<p>Ce site internet a vocation \u00e0 faciliter la navigation et la lecture de son contenu pour des personnes en situation de handicap. Cette page\u00a0vise \u00e0 vous faciliter l&rsquo;utilisation du site. Menu d&rsquo;acc\u00e8s rapide Lors de la navigation au clavier un menu permettant d&rsquo;acc\u00e9der rapidement aux zones principales des pages (Haut de page, Menu, Contenu principale, [&hellip;]<\/p>\n","protected":false},"author":1,"featured_media":0,"parent":0,"menu_order":11,"comment_status":"closed","ping_status":"closed","template":"","meta":{"_acf_changed":false,"footnotes":""},"class_list":["post-14164","page","type-page","status-publish","hentry"],"acf":[],"_links":{"self":[{"href":"https:\/\/www.miyu.fr\/production\/wp-json\/wp\/v2\/pages\/14164","targetHints":{"allow":["GET"]}}],"collection":[{"href":"https:\/\/www.miyu.fr\/production\/wp-json\/wp\/v2\/pages"}],"about":[{"href":"https:\/\/www.miyu.fr\/production\/wp-json\/wp\/v2\/types\/page"}],"author":[{"embeddable":true,"href":"https:\/\/www.miyu.fr\/production\/wp-json\/wp\/v2\/users\/1"}],"replies":[{"embeddable":true,"href":"https:\/\/www.miyu.fr\/production\/wp-json\/wp\/v2\/comments?post=14164"}],"version-history":[{"count":0,"href":"https:\/\/www.miyu.fr\/production\/wp-json\/wp\/v2\/pages\/14164\/revisions"}],"wp:attachment":[{"href":"https:\/\/www.miyu.fr\/production\/wp-json\/wp\/v2\/media?parent=14164"}],"curies":[{"name":"wp","href":"https:\/\/api.w.org\/{rel}","templated":true}]}}