{"id":14137,"date":"2024-12-03T13:57:42","date_gmt":"2024-12-03T12:57:42","guid":{"rendered":"http:\/\/localhost:8888\/MIYU\/multisite\/distribution\/?page_id=14137"},"modified":"2026-02-11T15:40:22","modified_gmt":"2026-02-11T14:40:22","slug":"a-propos","status":"publish","type":"page","link":"https:\/\/www.miyu.fr\/production\/a-propos\/","title":{"rendered":"\u00c0 propos"},"content":{"rendered":"<p>Cr\u00e9\u00e9e en Mai 2009 par Emmanuel-Alain Raynal, rejoint en 2015 par Pierre Baussaron, Miyu Productions est une soci\u00e9t\u00e9 de production audiovisuelle et cin\u00e9matographique sp\u00e9cialis\u00e9e en animation qui produit des courts-m\u00e9trages, s\u00e9ries et longs-m\u00e9trages.<\/p>\n<p>Miyu Productions a\u00a0 construit au fil des ann\u00e9es l\u2019image d\u2019un studio d\u2019animation exigeant par sa ligne artistique et son engagement, particuli\u00e8rement par ses productions de courts-m\u00e9trages d\u2019animation. Plusieurs de nos films ont \u00e9t\u00e9 reconnus et r\u00e9compens\u00e9s dans les plus prestigieux festivals, parmi lesquels figure\u00a0<i>27<\/i>\u00a0de Flora Anna Buda, laur\u00e9at de la Palme d&rsquo;Or et du Cristal du court-m\u00e9trage aux festivals de Cannes et d&rsquo;Annecy en 2023, ainsi que nos longs m\u00e9trages, singuliers dans le paysage de la production contemporaine, (<i>Linda veut du poulet&#8239;!<\/i> de Chiara Malta et S\u00e9bastien Laudenbach, Cristal du long-m\u00e9trage \u00e0 Annecy en 2023). La soci\u00e9t\u00e9 a \u00e9t\u00e9 r\u00e9compens\u00e9e par le Troph\u00e9e de l\u2019animation du Film Fran\u00e7ais en 2019, du prix Procirep du producteur d\u2019animation fran\u00e7ais en 2022 et du C\u00e9sar du meilleur film d&rsquo;animation en 2024 pour <i>Linda veut du poulet&#8239;!<\/i><\/p>\n<p>La soci\u00e9t\u00e9 d\u00e9veloppe aujourd\u2019hui un portefeuille d\u2019une dizaine de longs m\u00e9trages, d\u2019une vingtaine de courts m\u00e9trages et de plusieurs s\u00e9ries et unitaires audiovisuels, et dispose de 3 studios de fabrication en France situ\u00e9s \u00e0 Paris, Valence et Angoul\u00eame et d\u2019un studio en Belgique \u00e0 Bruxelles.<\/p>\n","protected":false},"excerpt":{"rendered":"<p>Cr\u00e9\u00e9e en Mai 2009 par Emmanuel-Alain Raynal, rejoint en 2015 par Pierre Baussaron, Miyu Productions est une soci\u00e9t\u00e9 de production audiovisuelle et cin\u00e9matographique sp\u00e9cialis\u00e9e en animation qui produit des courts-m\u00e9trages, s\u00e9ries et longs-m\u00e9trages. Miyu Productions a\u00a0 construit au fil des ann\u00e9es l\u2019image d\u2019un studio d\u2019animation exigeant par sa ligne artistique et son engagement, particuli\u00e8rement par [&hellip;]<\/p>\n","protected":false},"author":1,"featured_media":0,"parent":0,"menu_order":1,"comment_status":"closed","ping_status":"closed","template":"template-about.php","meta":{"_acf_changed":false,"footnotes":""},"class_list":["post-14137","page","type-page","status-publish","hentry"],"acf":[],"_links":{"self":[{"href":"https:\/\/www.miyu.fr\/production\/wp-json\/wp\/v2\/pages\/14137","targetHints":{"allow":["GET"]}}],"collection":[{"href":"https:\/\/www.miyu.fr\/production\/wp-json\/wp\/v2\/pages"}],"about":[{"href":"https:\/\/www.miyu.fr\/production\/wp-json\/wp\/v2\/types\/page"}],"author":[{"embeddable":true,"href":"https:\/\/www.miyu.fr\/production\/wp-json\/wp\/v2\/users\/1"}],"replies":[{"embeddable":true,"href":"https:\/\/www.miyu.fr\/production\/wp-json\/wp\/v2\/comments?post=14137"}],"version-history":[{"count":0,"href":"https:\/\/www.miyu.fr\/production\/wp-json\/wp\/v2\/pages\/14137\/revisions"}],"wp:attachment":[{"href":"https:\/\/www.miyu.fr\/production\/wp-json\/wp\/v2\/media?parent=14137"}],"curies":[{"name":"wp","href":"https:\/\/api.w.org\/{rel}","templated":true}]}}