{"id":690,"date":"2023-12-04T16:53:18","date_gmt":"2023-12-04T15:53:18","guid":{"rendered":"https:\/\/www.miyu.fr\/galerie\/?page_id=2"},"modified":"2023-12-04T16:53:18","modified_gmt":"2023-12-04T15:53:18","slug":"la-galerie-myu","status":"publish","type":"page","link":"https:\/\/www.miyu.fr\/galerie\/","title":{"rendered":"La galerie Miyu"},"content":{"rendered":"\n<p>La Galerie Miyu est une galerie conseil exer\u00e7ant dans le champ de l\u2019art contemporain. Elle est une extension de la soci\u00e9t\u00e9 de production et de distribution \u00e9ponyme, sp\u00e9cialis\u00e9e dans l\u2019animation et reconnue \u00e0 l\u2019\u00e9chelle internationale. Depuis 2021, l\u2019objectif de la galerie est de valoriser le travail plastique et visuel des cin\u00e9astes d\u2019animation en leur offrant des opportunit\u00e9s de production et de monstration.<\/p>\n<p>La Galerie Miyu a ainsi \u00e9tabli des partenariats avec plusieurs institutions culturelles, notamment le Frac Picardie Haut-de-France, avec qui elle co-organise une r\u00e9sidence d\u00e9di\u00e9e aux artistes de la sc\u00e8ne contemporaine souhaitant r\u00e9aliser des \u0153uvres utilisant des techniques anim\u00e9es.\u00a0Les premiers r\u00e9sidents sont Christine Rebet et Abdelkader Benchamma.<\/p>\n<p>La Galerie Miyu collabore avec la Fondation Claudine et Jean-Marc Salomon, le FRAC Picardie Haut-de-France et le Festival d\u2019Annecy pour assurer le commissariat de l\u2019exposition ANIMA \u00e0 Annecy, qui explore la convergence entre l\u2019animation et l\u2019art contemporain.<\/p>\n<p>La structure travaille activement avec le FRAC Picardie Haut-de-France \u00e0 la cr\u00e9ation au premier Centre d\u2019Art au monde d\u00e9di\u00e9 \u00e0 l\u2019image anim\u00e9e afin de mettre en lumi\u00e8re la richesse et la diversit\u00e9 de la cr\u00e9ation contemporaine anim\u00e9e, tout en favorisant un dialogue fructueux entre ces deux champs artistiques et inscrire ainsi les techniques anim\u00e9es dans l\u2019histoire de l\u2019art contemporain.\u00a0<\/p>\n","protected":false},"excerpt":{"rendered":"<p>La Galerie Miyu est une galerie conseil exer\u00e7ant dans le champ de l\u2019art contemporain. Elle est une extension de la soci\u00e9t\u00e9 de production et de distribution \u00e9ponyme, sp\u00e9cialis\u00e9e dans l\u2019animation et reconnue \u00e0 l\u2019\u00e9chelle internationale. Depuis 2021, l\u2019objectif de la galerie est de valoriser le travail plastique et visuel des cin\u00e9astes d\u2019animation en leur offrant [&hellip;]<\/p>\n","protected":false},"author":1,"featured_media":0,"parent":0,"menu_order":0,"comment_status":"closed","ping_status":"closed","template":"","meta":{"_acf_changed":false,"footnotes":""},"class_list":["post-690","page","type-page","status-publish","hentry"],"acf":[],"_links":{"self":[{"href":"https:\/\/www.miyu.fr\/galerie\/wp-json\/wp\/v2\/pages\/690","targetHints":{"allow":["GET"]}}],"collection":[{"href":"https:\/\/www.miyu.fr\/galerie\/wp-json\/wp\/v2\/pages"}],"about":[{"href":"https:\/\/www.miyu.fr\/galerie\/wp-json\/wp\/v2\/types\/page"}],"author":[{"embeddable":true,"href":"https:\/\/www.miyu.fr\/galerie\/wp-json\/wp\/v2\/users\/1"}],"replies":[{"embeddable":true,"href":"https:\/\/www.miyu.fr\/galerie\/wp-json\/wp\/v2\/comments?post=690"}],"version-history":[{"count":0,"href":"https:\/\/www.miyu.fr\/galerie\/wp-json\/wp\/v2\/pages\/690\/revisions"}],"wp:attachment":[{"href":"https:\/\/www.miyu.fr\/galerie\/wp-json\/wp\/v2\/media?parent=690"}],"curies":[{"name":"wp","href":"https:\/\/api.w.org\/{rel}","templated":true}]}}