{"id":115,"date":"2023-12-14T11:35:31","date_gmt":"2023-12-14T10:35:31","guid":{"rendered":"https:\/\/www.miyu.fr\/galerie\/?page_id=115"},"modified":"2024-10-16T00:49:34","modified_gmt":"2024-10-15T22:49:34","slug":"credits","status":"publish","type":"page","link":"https:\/\/www.miyu.fr\/galerie\/credits\/","title":{"rendered":"Cr\u00e9dits"},"content":{"rendered":"<h2>H\u00e9bergement<\/h2>\n<p>Le site Miyu.fr est h\u00e9berg\u00e9 sur OVH.<\/p>\n<h2>Graphisme &amp; D\u00e9veloppement<\/h2>\n<p><a href=\"https:\/\/studiodesformes.net\" target=\"_blank\" rel=\"noopener\">STUDIO DES FORMES<\/a><br \/>\nTypographies&#8239;: <em>Antique Olive<\/em>, Roger Excoffon, 1961<br \/>\nCMS&#8239;: WordPress<\/p>\n","protected":false},"excerpt":{"rendered":"<p>H\u00e9bergement Le site Miyu.fr est h\u00e9berg\u00e9 sur OVH. Graphisme &amp; D\u00e9veloppement STUDIO DES FORMES Typographies&#8239;: Antique Olive, Roger Excoffon, 1961 CMS&#8239;: WordPress<\/p>\n","protected":false},"author":1,"featured_media":0,"parent":0,"menu_order":2,"comment_status":"closed","ping_status":"closed","template":"","meta":{"_acf_changed":false,"footnotes":""},"class_list":["post-115","page","type-page","status-publish","hentry"],"acf":[],"_links":{"self":[{"href":"https:\/\/www.miyu.fr\/galerie\/wp-json\/wp\/v2\/pages\/115","targetHints":{"allow":["GET"]}}],"collection":[{"href":"https:\/\/www.miyu.fr\/galerie\/wp-json\/wp\/v2\/pages"}],"about":[{"href":"https:\/\/www.miyu.fr\/galerie\/wp-json\/wp\/v2\/types\/page"}],"author":[{"embeddable":true,"href":"https:\/\/www.miyu.fr\/galerie\/wp-json\/wp\/v2\/users\/1"}],"replies":[{"embeddable":true,"href":"https:\/\/www.miyu.fr\/galerie\/wp-json\/wp\/v2\/comments?post=115"}],"version-history":[{"count":0,"href":"https:\/\/www.miyu.fr\/galerie\/wp-json\/wp\/v2\/pages\/115\/revisions"}],"wp:attachment":[{"href":"https:\/\/www.miyu.fr\/galerie\/wp-json\/wp\/v2\/media?parent=115"}],"curies":[{"name":"wp","href":"https:\/\/api.w.org\/{rel}","templated":true}]}}