{"id":14733,"date":"2024-12-15T16:22:36","date_gmt":"2024-12-15T15:22:36","guid":{"rendered":"https:\/\/www.miyu.fr\/distribution\/?page_id=14733"},"modified":"2025-01-28T16:38:03","modified_gmt":"2025-01-28T15:38:03","slug":"cookies","status":"publish","type":"page","link":"https:\/\/www.miyu.fr\/distribution\/cookies\/","title":{"rendered":"Politique des cookies"},"content":{"rendered":"<p>Bienvenue\u00a0! En cliquant sur \u00ab&#8239;Tout accepter&#8239;\u00bb, vous acceptez que Miyu puisse stocker des cookies dans votre navigateur et divulguer des informations conform\u00e9ment \u00e0 notre politique en mati\u00e8re de\u00a0<a href=\"https:\/\/www.miyu.fr\/distribution\/cookies\/\">cookies<\/a>.<\/p>\n","protected":false},"excerpt":{"rendered":"<p>Bienvenue\u00a0! En cliquant sur \u00ab&#8239;Tout accepter&#8239;\u00bb, vous acceptez que Miyu puisse stocker des cookies dans votre navigateur et divulguer des informations conform\u00e9ment \u00e0 notre politique en mati\u00e8re de\u00a0cookies.<\/p>\n","protected":false},"author":1,"featured_media":0,"parent":0,"menu_order":12,"comment_status":"closed","ping_status":"closed","template":"","meta":{"_acf_changed":false,"footnotes":""},"class_list":["post-14733","page","type-page","status-publish","hentry"],"acf":[],"_links":{"self":[{"href":"https:\/\/www.miyu.fr\/distribution\/wp-json\/wp\/v2\/pages\/14733","targetHints":{"allow":["GET"]}}],"collection":[{"href":"https:\/\/www.miyu.fr\/distribution\/wp-json\/wp\/v2\/pages"}],"about":[{"href":"https:\/\/www.miyu.fr\/distribution\/wp-json\/wp\/v2\/types\/page"}],"author":[{"embeddable":true,"href":"https:\/\/www.miyu.fr\/distribution\/wp-json\/wp\/v2\/users\/1"}],"replies":[{"embeddable":true,"href":"https:\/\/www.miyu.fr\/distribution\/wp-json\/wp\/v2\/comments?post=14733"}],"version-history":[{"count":0,"href":"https:\/\/www.miyu.fr\/distribution\/wp-json\/wp\/v2\/pages\/14733\/revisions"}],"wp:attachment":[{"href":"https:\/\/www.miyu.fr\/distribution\/wp-json\/wp\/v2\/media?parent=14733"}],"curies":[{"name":"wp","href":"https:\/\/api.w.org\/{rel}","templated":true}]}}