{"id":14208,"date":"2024-12-16T20:07:14","date_gmt":"2024-12-16T19:07:14","guid":{"rendered":"https:\/\/www.miyu.fr\/distribution\/?page_id=14208"},"modified":"2026-04-17T12:35:28","modified_gmt":"2026-04-17T10:35:28","slug":"about","status":"publish","type":"page","link":"https:\/\/www.miyu.fr\/distribution\/en\/about\/","title":{"rendered":"About"},"content":{"rendered":"<p>Founded in 2017 through the collaboration between Luce Grosjean and Miyu Productions, Miyu Distribution specializes in the international sales and distribution of animated films. The company handles a wide catalogue of short films from independent production companies and filmmakers, as well as graduation films from leading animation schools.<\/p>\n<p>With 10 Oscar nominations, 2 C\u00e9sar Awards \u2013 \u00c9t\u00e9 96 by Mathilde B\u00e9douet (2024) and Yuck! by Lo\u00efc Espuche (2025), a Palme d\u2019Or and the Annecy Cristal for Best Short Film for 27 by Flora Anna Buda (2023), as well as two Best Short Film Distribution Company awards from UniFrance and La F\u00eate du Court M\u00e9trage (2021, 2024), Miyu Distribution has established itself as a leader in its field.<\/p>\n<p>Since 2021, Miyu Distribution has also been handling the international sales of animated feature films, including Archipel by F\u00e9lix Dufour-Laperri\u00e8re (Rotterdam, Annecy) and Dozens of Norths by Koji Yamamura (Annecy Contrechamp Award). In 2025, the company acquired the rights to La gran historia de la filosof\u00eda occidental by Aria Covanomas, selected at Rotterdam, and Olivia &amp; Las Nubes by Tom\u00e1s Pichardo Espaillat, awarded at Locarno.<\/p>\n<h2>Youtube channel BangBang<\/h2>\n<p>BangBang is a YouTube channel dedicated to independent animation. Explore a curated selection of short films by both filmmakers and animation students, along with thematic playlists: genre films, LGBTQ+ stories, documentaries, and behind-the-scenes content, including making-ofs and artist interviews.<\/p>\n","protected":false},"excerpt":{"rendered":"<p>Founded in 2017 through the collaboration between Luce Grosjean and Miyu Productions, Miyu Distribution specializes in the international sales and distribution of animated films. The company handles a wide catalogue of short films from independent production companies and filmmakers, as well as graduation films from leading animation schools. With 10 Oscar nominations, 2 C\u00e9sar Awards [&hellip;]<\/p>\n","protected":false},"author":1,"featured_media":0,"parent":0,"menu_order":1,"comment_status":"closed","ping_status":"closed","template":"template-about.php","meta":{"_acf_changed":false,"footnotes":""},"class_list":["post-14208","page","type-page","status-publish","hentry"],"acf":[],"_links":{"self":[{"href":"https:\/\/www.miyu.fr\/distribution\/wp-json\/wp\/v2\/pages\/14208","targetHints":{"allow":["GET"]}}],"collection":[{"href":"https:\/\/www.miyu.fr\/distribution\/wp-json\/wp\/v2\/pages"}],"about":[{"href":"https:\/\/www.miyu.fr\/distribution\/wp-json\/wp\/v2\/types\/page"}],"author":[{"embeddable":true,"href":"https:\/\/www.miyu.fr\/distribution\/wp-json\/wp\/v2\/users\/1"}],"replies":[{"embeddable":true,"href":"https:\/\/www.miyu.fr\/distribution\/wp-json\/wp\/v2\/comments?post=14208"}],"version-history":[{"count":0,"href":"https:\/\/www.miyu.fr\/distribution\/wp-json\/wp\/v2\/pages\/14208\/revisions"}],"wp:attachment":[{"href":"https:\/\/www.miyu.fr\/distribution\/wp-json\/wp\/v2\/media?parent=14208"}],"curies":[{"name":"wp","href":"https:\/\/api.w.org\/{rel}","templated":true}]}}