{"id":14137,"date":"2024-12-03T13:57:42","date_gmt":"2024-12-03T12:57:42","guid":{"rendered":"https:\/\/www.miyu.fr\/distribution\/?page_id=14137"},"modified":"2026-04-17T12:29:59","modified_gmt":"2026-04-17T10:29:59","slug":"a-propos","status":"publish","type":"page","link":"https:\/\/www.miyu.fr\/distribution\/a-propos\/","title":{"rendered":"\u00c0 propos"},"content":{"rendered":"<p style=\"font-weight: 400\">N\u00e9 de l&rsquo;association entre Luce Grosjean et Miyu Productions en 2017, Miyu Distribution est sp\u00e9cialis\u00e9 dans les ventes internationales et la diffusion de films d\u2019animation. La soci\u00e9t\u00e9 distribue un large catalogue de courts m\u00e9trages de soci\u00e9t\u00e9s de production et de r\u00e9alisateur.ice.s ind\u00e9pendant.e.s, ainsi que les films de fin d\u2019\u00e9tudes de grandes \u00e9coles d\u2019animation.<\/p>\n<p style=\"font-weight: 400\">Avec 10 nominations aux Oscars, 2 victoires aux C\u00e9sar &#8211;\u00a0<a href=\"https:\/\/www.miyu.fr\/distribution\/ete-96\/\"><em>Et\u00e9 96<\/em><\/a>\u00a0de Mathilde B\u00e9douet (2024) et\u00a0<a href=\"http:\/\/beurk\"><em>Beurk&#8239;!<\/em><\/a>\u00a0de Lo\u00efc Espuche (2025) -, une Palme d\u2019or et un Cristal du court-m\u00e9trage pour\u00a0<a href=\"https:\/\/www.miyu.fr\/distribution\/27-2\/\"><em>27<\/em><\/a> de Flora Anna Buda (2023)\u00a0ainsi que deux prix de la meilleure soci\u00e9t\u00e9 de distribution remis par UniFrance et la F\u00eate du court-m\u00e9trage (2021, 2024), Miyu Distribution s\u2019impose comme le leader de son secteur.<\/p>\n<p style=\"font-weight: 400\">Depuis 2021, Miyu Distribution assure \u00e9galement la vente internationale de longs m\u00e9trages. Elle a notamment \u00e0 son catalogue <a href=\"https:\/\/www.miyu.fr\/distribution\/archipel\/\"><em>Archipel<\/em><\/a>\u00a0de F\u00e9lix Dufour-Laperri\u00e8re (Rotterdam, Annecy) et\u00a0<a href=\"https:\/\/www.miyu.fr\/distribution\/dozens-of-norths\/\"><em>Pl\u00e9thores de Nords<\/em><\/a>, de Koji Yamamura (Prix Contrechamps du Festival d\u2019Annecy). En 2025, la soci\u00e9t\u00e9 acquiert les droits de\u00a0<a href=\"https:\/\/www.miyu.fr\/distribution\/la-grande-histoire-de-la-philosophie-occidentale\/\"><em>La gran historia de la filosof\u00eda occidental<\/em><\/a>\u00a0de Aria Covanomas, s\u00e9lectionn\u00e9 \u00e0 Rotterdam\u00a0et de\u00a0<a href=\"https:\/\/www.miyu.fr\/distribution\/olivia-las-nubes\/\"><em>Olivia &amp; Las Nubes<\/em><\/a>\u00a0de Tomas Pichardo Espaillat, prim\u00e9 \u00e0 Locarno.<\/p>\n<h2>Chaine Youtube Bang Bang<\/h2>\n<p>En 2022, Miyu Distribution cr\u00e9e\u00a0<a href=\"https:\/\/www.youtube.com\/c\/BANGBANGAshotofshorts\">Bang Bang<\/a>, une cha\u00eene YouTube d\u00e9di\u00e9e \u00e0 l\u2019animation ind\u00e9pendante. La chaine propose une s\u00e9lection de plus de 100 courts-m\u00e9trages de r\u00e9alisateur.ice.s confirm\u00e9.e.s et d\u2019\u00e9tudiant.e.s en \u00e9coles d\u2019animation, ainsi que des playlists th\u00e9matiques&#8239;: films de genre, r\u00e9cits LGBTQ+, documentaires, ou encore coulisses de cr\u00e9ation avec des making-of et interviews d\u2019artistes.<\/p>\n","protected":false},"excerpt":{"rendered":"<p>N\u00e9 de l&rsquo;association entre Luce Grosjean et Miyu Productions en 2017, Miyu Distribution est sp\u00e9cialis\u00e9 dans les ventes internationales et la diffusion de films d\u2019animation. La soci\u00e9t\u00e9 distribue un large catalogue de courts m\u00e9trages de soci\u00e9t\u00e9s de production et de r\u00e9alisateur.ice.s ind\u00e9pendant.e.s, ainsi que les films de fin d\u2019\u00e9tudes de grandes \u00e9coles d\u2019animation. Avec 10 [&hellip;]<\/p>\n","protected":false},"author":1,"featured_media":0,"parent":0,"menu_order":1,"comment_status":"closed","ping_status":"closed","template":"template-about.php","meta":{"_acf_changed":false,"footnotes":""},"class_list":["post-14137","page","type-page","status-publish","hentry"],"acf":[],"_links":{"self":[{"href":"https:\/\/www.miyu.fr\/distribution\/wp-json\/wp\/v2\/pages\/14137","targetHints":{"allow":["GET"]}}],"collection":[{"href":"https:\/\/www.miyu.fr\/distribution\/wp-json\/wp\/v2\/pages"}],"about":[{"href":"https:\/\/www.miyu.fr\/distribution\/wp-json\/wp\/v2\/types\/page"}],"author":[{"embeddable":true,"href":"https:\/\/www.miyu.fr\/distribution\/wp-json\/wp\/v2\/users\/1"}],"replies":[{"embeddable":true,"href":"https:\/\/www.miyu.fr\/distribution\/wp-json\/wp\/v2\/comments?post=14137"}],"version-history":[{"count":0,"href":"https:\/\/www.miyu.fr\/distribution\/wp-json\/wp\/v2\/pages\/14137\/revisions"}],"wp:attachment":[{"href":"https:\/\/www.miyu.fr\/distribution\/wp-json\/wp\/v2\/media?parent=14137"}],"curies":[{"name":"wp","href":"https:\/\/api.w.org\/{rel}","templated":true}]}}